{"id":623,"date":"2024-08-10T06:52:19","date_gmt":"2024-08-10T06:52:19","guid":{"rendered":"https:\/\/mbappdigital.co.rs\/bewerten-sie-uns\/"},"modified":"2024-12-04T18:08:48","modified_gmt":"2024-12-04T18:08:48","slug":"bewerten-sie-uns","status":"publish","type":"page","link":"https:\/\/mbappdigital.co.rs\/de\/bewerten-sie-uns\/","title":{"rendered":"Bewerten Sie uns"},"content":{"rendered":"\t\t<div data-elementor-type=\"wp-page\" data-elementor-id=\"623\" class=\"elementor elementor-623 elementor-526\" data-elementor-post-type=\"page\">\n\t\t\t\t<div class=\"elementor-element elementor-element-e708236 e-flex e-con-boxed e-con e-parent\" data-id=\"e708236\" data-element_type=\"container\" data-e-type=\"container\" data-settings=\"{&quot;background_background&quot;:&quot;classic&quot;}\">\n\t\t\t\t\t<div class=\"e-con-inner\">\n\t\t\t\t<div class=\"elementor-element elementor-element-519501b elementor-widget__width-initial elementor-widget elementor-widget-image\" data-id=\"519501b\" data-element_type=\"widget\" data-e-type=\"widget\" data-widget_type=\"image.default\">\n\t\t\t\t<div class=\"elementor-widget-container\">\n\t\t\t\t\t\t\t\t\t\t\t\t\t\t\t<img decoding=\"async\" width=\"677\" height=\"667\" src=\"https:\/\/mbappdigital.co.rs\/wp-content\/uploads\/2024\/11\/qr-mb-review.png\" class=\"attachment-full size-full wp-image-4250\" alt=\"\" srcset=\"https:\/\/mbappdigital.co.rs\/wp-content\/uploads\/2024\/11\/qr-mb-review.png 677w, https:\/\/mbappdigital.co.rs\/wp-content\/uploads\/2024\/11\/qr-mb-review-300x296.png 300w, https:\/\/mbappdigital.co.rs\/wp-content\/uploads\/2024\/11\/qr-mb-review-600x591.png 600w, https:\/\/mbappdigital.co.rs\/wp-content\/uploads\/2024\/11\/qr-mb-review-100x100.png 100w\" sizes=\"(max-width: 677px) 100vw, 677px\" \/>\t\t\t\t\t\t\t\t\t\t\t\t\t\t\t<\/div>\n\t\t\t\t<\/div>\n\t\t\t\t<div class=\"elementor-element elementor-element-3146a07 elementor-widget elementor-widget-text-editor\" data-id=\"3146a07\" data-element_type=\"widget\" data-e-type=\"widget\" data-widget_type=\"text-editor.default\">\n\t\t\t\t<div class=\"elementor-widget-container\">\n\t\t\t\t\t\t\t\t\t<p>Lieber Herr,<\/p>\n<p>Es war uns eine Freude, dass Sie uns besucht haben und Ihren besonderen Moment in unserem Restaurant mit uns geteilt haben. Ihre Meinung ist uns sehr wichtig, da sie uns hilft, unseren Service zu verbessern und Ihnen ein noch besseres Erlebnis zu bieten.<\/p>\n<p>Wenn Ihnen unser Essen, unsere Atmosph\u00e4re und unser Service gefallen haben, w\u00fcrden wir uns freuen, wenn Sie sich einen Moment Zeit nehmen und eine Bewertung auf Google hinterlassen w\u00fcrden. Ihr Feedback ist f\u00fcr uns wertvoll und hilft anderen G\u00e4sten, mehr \u00fcber unser Restaurant zu erfahren.<\/p>\n<p>Vielen Dank f\u00fcr Ihre Unterst\u00fctzung und wir freuen uns auf Ihren n\u00e4chsten Besuch!<\/p>\n<p>Aufrichtig,<br \/>Mali Balkan<\/p>\n\t\t\t\t\t\t\t\t<\/div>\n\t\t\t\t<\/div>\n\t\t\t\t\t<\/div>\n\t\t\t\t<\/div>\n\t\t\t\t<\/div>\n\t\t","protected":false},"excerpt":{"rendered":"<p>Lieber Herr, Es war uns eine Freude, dass Sie uns besucht haben und Ihren besonderen Moment in unserem Restaurant mit uns geteilt haben. Ihre Meinung ist uns sehr wichtig, da sie uns hilft, unseren Service zu verbessern und Ihnen ein noch besseres Erlebnis zu bieten. Wenn Ihnen unser Essen, unsere Atmosph\u00e4re und unser Service gefallen [&hellip;]<\/p>\n","protected":false},"author":1,"featured_media":0,"parent":0,"menu_order":0,"comment_status":"closed","ping_status":"closed","template":"elementor_header_footer","meta":{"_acf_changed":false,"footnotes":""},"class_list":["post-623","page","type-page","status-publish","hentry"],"acf":[],"_links":{"self":[{"href":"https:\/\/mbappdigital.co.rs\/de\/wp-json\/wp\/v2\/pages\/623","targetHints":{"allow":["GET"]}}],"collection":[{"href":"https:\/\/mbappdigital.co.rs\/de\/wp-json\/wp\/v2\/pages"}],"about":[{"href":"https:\/\/mbappdigital.co.rs\/de\/wp-json\/wp\/v2\/types\/page"}],"author":[{"embeddable":true,"href":"https:\/\/mbappdigital.co.rs\/de\/wp-json\/wp\/v2\/users\/1"}],"replies":[{"embeddable":true,"href":"https:\/\/mbappdigital.co.rs\/de\/wp-json\/wp\/v2\/comments?post=623"}],"version-history":[{"count":0,"href":"https:\/\/mbappdigital.co.rs\/de\/wp-json\/wp\/v2\/pages\/623\/revisions"}],"wp:attachment":[{"href":"https:\/\/mbappdigital.co.rs\/de\/wp-json\/wp\/v2\/media?parent=623"}],"curies":[{"name":"wp","href":"https:\/\/api.w.org\/{rel}","templated":true}]}}