{"id":627,"date":"2024-08-10T06:54:47","date_gmt":"2024-08-10T06:54:47","guid":{"rendered":"https:\/\/mbappdigital.co.rs\/organizacija-proslava\/"},"modified":"2024-12-04T18:11:48","modified_gmt":"2024-12-04T18:11:48","slug":"organizacija-proslava","status":"publish","type":"page","link":"https:\/\/mbappdigital.co.rs\/de\/organizacija-proslava\/","title":{"rendered":"Organisation von Feiern"},"content":{"rendered":"\t\t<div data-elementor-type=\"wp-page\" data-elementor-id=\"627\" class=\"elementor elementor-627 elementor-536\" data-elementor-post-type=\"page\">\n\t\t\t\t<div class=\"elementor-element elementor-element-62cd4e9 e-flex e-con-boxed e-con e-parent\" data-id=\"62cd4e9\" data-element_type=\"container\" data-e-type=\"container\" data-settings=\"{&quot;background_background&quot;:&quot;classic&quot;}\">\n\t\t\t\t\t<div class=\"e-con-inner\">\n\t\t<div class=\"elementor-element elementor-element-cf0fb9b e-con-full e-flex e-con e-child\" data-id=\"cf0fb9b\" data-element_type=\"container\" data-e-type=\"container\">\n\t\t\t\t<div class=\"elementor-element elementor-element-e2a2836 elementor-widget elementor-widget-image\" data-id=\"e2a2836\" data-element_type=\"widget\" data-e-type=\"widget\" data-widget_type=\"image.default\">\n\t\t\t\t<div class=\"elementor-widget-container\">\n\t\t\t\t\t\t\t\t\t\t\t\t\t\t\t<img decoding=\"async\" width=\"1691\" height=\"1927\" src=\"https:\/\/mbappdigital.co.rs\/wp-content\/uploads\/2024\/08\/restoran-mali-balkan-22-scaled-3.jpg\" class=\"attachment-full size-full wp-image-562\" alt=\"\" srcset=\"https:\/\/mbappdigital.co.rs\/wp-content\/uploads\/2024\/08\/restoran-mali-balkan-22-scaled-3.jpg 1691w, https:\/\/mbappdigital.co.rs\/wp-content\/uploads\/2024\/08\/restoran-mali-balkan-22-scaled-3-600x684.jpg 600w, https:\/\/mbappdigital.co.rs\/wp-content\/uploads\/2024\/08\/restoran-mali-balkan-22-scaled-3-263x300.jpg 263w, https:\/\/mbappdigital.co.rs\/wp-content\/uploads\/2024\/08\/restoran-mali-balkan-22-scaled-3-899x1024.jpg 899w, https:\/\/mbappdigital.co.rs\/wp-content\/uploads\/2024\/08\/restoran-mali-balkan-22-scaled-3-768x875.jpg 768w, https:\/\/mbappdigital.co.rs\/wp-content\/uploads\/2024\/08\/restoran-mali-balkan-22-scaled-3-1348x1536.jpg 1348w\" sizes=\"(max-width: 1691px) 100vw, 1691px\" \/>\t\t\t\t\t\t\t\t\t\t\t\t\t\t\t<\/div>\n\t\t\t\t<\/div>\n\t\t\t\t<\/div>\n\t\t<div class=\"elementor-element elementor-element-00c1136 e-con-full e-flex e-con e-child\" data-id=\"00c1136\" data-element_type=\"container\" data-e-type=\"container\">\n\t\t\t\t<div class=\"elementor-element elementor-element-8ad0ce1 elementor-widget elementor-widget-heading\" data-id=\"8ad0ce1\" data-element_type=\"widget\" data-e-type=\"widget\" data-widget_type=\"heading.default\">\n\t\t\t\t<div class=\"elementor-widget-container\">\n\t\t\t\t\t<h2 class=\"elementor-heading-title elementor-size-default\">Der perfekte Ort f\u00fcr alle Ihre Feierlichkeiten!<\/h2>\t\t\t\t<\/div>\n\t\t\t\t<\/div>\n\t\t\t\t<div class=\"elementor-element elementor-element-711ef26 elementor-widget elementor-widget-text-editor\" data-id=\"711ef26\" data-element_type=\"widget\" data-e-type=\"widget\" data-widget_type=\"text-editor.default\">\n\t\t\t\t<div class=\"elementor-widget-container\">\n\t\t\t\t\t\t\t\t\t<p> Mit einer Kapazit\u00e4t von 200 Sitzpl\u00e4tzen sind wir die ideale Wahl f\u00fcr Veranstaltungen unterschiedlicher Art \u2013 egal ob Sie eine Hochzeit, einen Geburtstag, ein Firmenevent oder einen anderen besonderen Anlass planen.<\/p>\n<p>Unser Partyplanungsservice umfasst alle Details, damit Sie stressfrei feiern k\u00f6nnen. Wir bereiten eine gro\u00dfe Auswahl k\u00f6stlicher Gerichte zu, die alle G\u00e4ste zufrieden stellen, von der Vorspeise \u00fcber das Hauptgericht bis zum Dessert. Unser Getr\u00e4nkesortiment wurde sorgf\u00e4ltig ausgew\u00e4hlt, um den gastronomischen Genuss zu erg\u00e4nzen, und f\u00fcr Naschkatzen bereiten wir verlockende Desserts zu, die jede Feier abrunden.<\/p>\n<p>Musik ist ein wesentlicher Bestandteil jeder guten Party und deshalb sind wir bestrebt, Ihren G\u00e4sten den besten Sound zu bieten, egal ob Sie Live-Musik, einen DJ oder etwas ganz anderes bevorzugen.<\/p>\n<p>Wenn Sie uns die Organisation \u00fcberlassen, k\u00f6nnen Sie sicher sein, dass jeder Moment Ihrer Feier sorgf\u00e4ltig geplant und mit gr\u00f6\u00dfter Sorgfalt und Professionalit\u00e4t durchgef\u00fchrt wird. Genie\u00dfen Sie die Atmosph\u00e4re unseres Restaurants und lassen Sie sich feiern, w\u00e4hrend wir uns um alles andere k\u00fcmmern.<\/p>\n\t\t\t\t\t\t\t\t<\/div>\n\t\t\t\t<\/div>\n\t\t\t\t<div class=\"elementor-element elementor-element-f46c3c6 elementor-widget elementor-widget-button\" data-id=\"f46c3c6\" data-element_type=\"widget\" data-e-type=\"widget\" data-widget_type=\"button.default\">\n\t\t\t\t<div class=\"elementor-widget-container\">\n\t\t\t\t\t\t\t\t\t<div class=\"elementor-button-wrapper\">\n\t\t\t\t\t<a class=\"elementor-button elementor-button-link elementor-size-sm\" href=\"#\">\n\t\t\t\t\t\t<span class=\"elementor-button-content-wrapper\">\n\t\t\t\t\t\t\t\t\t<span class=\"elementor-button-text\">Informationen und Reservierungen: +381 65 33 44 808<\/span>\n\t\t\t\t\t<\/span>\n\t\t\t\t\t<\/a>\n\t\t\t\t<\/div>\n\t\t\t\t\t\t\t\t<\/div>\n\t\t\t\t<\/div>\n\t\t\t\t<\/div>\n\t\t\t\t\t<\/div>\n\t\t\t\t<\/div>\n\t\t\t\t<\/div>\n\t\t","protected":false},"excerpt":{"rendered":"<p>Der perfekte Ort f\u00fcr alle Ihre Feierlichkeiten! Mit einer Kapazit\u00e4t von 200 Sitzpl\u00e4tzen sind wir die ideale Wahl f\u00fcr Veranstaltungen unterschiedlicher Art \u2013 egal ob Sie eine Hochzeit, einen Geburtstag, ein Firmenevent oder einen anderen besonderen Anlass planen. Unser Partyplanungsservice umfasst alle Details, damit Sie stressfrei feiern k\u00f6nnen. Wir bereiten eine gro\u00dfe Auswahl k\u00f6stlicher Gerichte [&hellip;]<\/p>\n","protected":false},"author":1,"featured_media":0,"parent":0,"menu_order":0,"comment_status":"closed","ping_status":"closed","template":"elementor_header_footer","meta":{"_acf_changed":false,"footnotes":""},"class_list":["post-627","page","type-page","status-publish","hentry"],"acf":[],"_links":{"self":[{"href":"https:\/\/mbappdigital.co.rs\/de\/wp-json\/wp\/v2\/pages\/627","targetHints":{"allow":["GET"]}}],"collection":[{"href":"https:\/\/mbappdigital.co.rs\/de\/wp-json\/wp\/v2\/pages"}],"about":[{"href":"https:\/\/mbappdigital.co.rs\/de\/wp-json\/wp\/v2\/types\/page"}],"author":[{"embeddable":true,"href":"https:\/\/mbappdigital.co.rs\/de\/wp-json\/wp\/v2\/users\/1"}],"replies":[{"embeddable":true,"href":"https:\/\/mbappdigital.co.rs\/de\/wp-json\/wp\/v2\/comments?post=627"}],"version-history":[{"count":0,"href":"https:\/\/mbappdigital.co.rs\/de\/wp-json\/wp\/v2\/pages\/627\/revisions"}],"wp:attachment":[{"href":"https:\/\/mbappdigital.co.rs\/de\/wp-json\/wp\/v2\/media?parent=627"}],"curies":[{"name":"wp","href":"https:\/\/api.w.org\/{rel}","templated":true}]}}