{"id":621,"date":"2024-08-10T06:52:19","date_gmt":"2024-08-10T06:52:19","guid":{"rendered":"https:\/\/mbappdigital.co.rs\/valutaci\/"},"modified":"2024-12-04T18:09:16","modified_gmt":"2024-12-04T18:09:16","slug":"valutaci","status":"publish","type":"page","link":"https:\/\/mbappdigital.co.rs\/it\/valutaci\/","title":{"rendered":"Valutaci"},"content":{"rendered":"\t\t<div data-elementor-type=\"wp-page\" data-elementor-id=\"621\" class=\"elementor elementor-621 elementor-526\" data-elementor-post-type=\"page\">\n\t\t\t\t<div class=\"elementor-element elementor-element-e708236 e-flex e-con-boxed e-con e-parent\" data-id=\"e708236\" data-element_type=\"container\" data-e-type=\"container\" data-settings=\"{&quot;background_background&quot;:&quot;classic&quot;}\">\n\t\t\t\t\t<div class=\"e-con-inner\">\n\t\t\t\t<div class=\"elementor-element elementor-element-519501b elementor-widget__width-initial elementor-widget elementor-widget-image\" data-id=\"519501b\" data-element_type=\"widget\" data-e-type=\"widget\" data-widget_type=\"image.default\">\n\t\t\t\t<div class=\"elementor-widget-container\">\n\t\t\t\t\t\t\t\t\t\t\t\t\t\t\t<img decoding=\"async\" width=\"677\" height=\"667\" src=\"https:\/\/mbappdigital.co.rs\/wp-content\/uploads\/2024\/11\/qr-mb-review.png\" class=\"attachment-full size-full wp-image-4251\" alt=\"\" srcset=\"https:\/\/mbappdigital.co.rs\/wp-content\/uploads\/2024\/11\/qr-mb-review.png 677w, https:\/\/mbappdigital.co.rs\/wp-content\/uploads\/2024\/11\/qr-mb-review-300x296.png 300w, https:\/\/mbappdigital.co.rs\/wp-content\/uploads\/2024\/11\/qr-mb-review-600x591.png 600w, https:\/\/mbappdigital.co.rs\/wp-content\/uploads\/2024\/11\/qr-mb-review-100x100.png 100w\" sizes=\"(max-width: 677px) 100vw, 677px\" \/>\t\t\t\t\t\t\t\t\t\t\t\t\t\t\t<\/div>\n\t\t\t\t<\/div>\n\t\t\t\t<div class=\"elementor-element elementor-element-3146a07 elementor-widget elementor-widget-text-editor\" data-id=\"3146a07\" data-element_type=\"widget\" data-e-type=\"widget\" data-widget_type=\"text-editor.default\">\n\t\t\t\t<div class=\"elementor-widget-container\">\n\t\t\t\t\t\t\t\t\t<p>Caro Signore,<\/p>\n<p>\u00c8 stato un piacere che tu sia venuto a trovarci e che tu abbia condiviso con noi il tuo momento speciale nel nostro ristorante. La tua opinione \u00e8 molto importante per noi perch\u00e9 ci aiuta a migliorare il nostro servizio e offrirti un&#8217;esperienza ancora migliore.<\/p>\n<p>Se ti \u00e8 piaciuto il nostro cibo, l&#8217;atmosfera e il servizio, ti saremmo grati se potessi dedicare un momento a lasciare una recensione su Google. Il tuo feedback \u00e8 prezioso per noi e aiuta gli altri ospiti a conoscere meglio il nostro ristorante.<\/p>\n<p>Grazie per il vostro supporto e aspettiamo con ansia la vostra prossima visita!<\/p>\n<p>Sinceramente,<br \/>Mali Balkan<\/p>\n\t\t\t\t\t\t\t\t<\/div>\n\t\t\t\t<\/div>\n\t\t\t\t\t<\/div>\n\t\t\t\t<\/div>\n\t\t\t\t<\/div>\n\t\t","protected":false},"excerpt":{"rendered":"<p>Caro Signore, \u00c8 stato un piacere che tu sia venuto a trovarci e che tu abbia condiviso con noi il tuo momento speciale nel nostro ristorante. La tua opinione \u00e8 molto importante per noi perch\u00e9 ci aiuta a migliorare il nostro servizio e offrirti un&#8217;esperienza ancora migliore. Se ti \u00e8 piaciuto il nostro cibo, l&#8217;atmosfera [&hellip;]<\/p>\n","protected":false},"author":1,"featured_media":0,"parent":0,"menu_order":0,"comment_status":"closed","ping_status":"closed","template":"elementor_header_footer","meta":{"_acf_changed":false,"footnotes":""},"class_list":["post-621","page","type-page","status-publish","hentry"],"acf":[],"_links":{"self":[{"href":"https:\/\/mbappdigital.co.rs\/it\/wp-json\/wp\/v2\/pages\/621","targetHints":{"allow":["GET"]}}],"collection":[{"href":"https:\/\/mbappdigital.co.rs\/it\/wp-json\/wp\/v2\/pages"}],"about":[{"href":"https:\/\/mbappdigital.co.rs\/it\/wp-json\/wp\/v2\/types\/page"}],"author":[{"embeddable":true,"href":"https:\/\/mbappdigital.co.rs\/it\/wp-json\/wp\/v2\/users\/1"}],"replies":[{"embeddable":true,"href":"https:\/\/mbappdigital.co.rs\/it\/wp-json\/wp\/v2\/comments?post=621"}],"version-history":[{"count":0,"href":"https:\/\/mbappdigital.co.rs\/it\/wp-json\/wp\/v2\/pages\/621\/revisions"}],"wp:attachment":[{"href":"https:\/\/mbappdigital.co.rs\/it\/wp-json\/wp\/v2\/media?parent=621"}],"curies":[{"name":"wp","href":"https:\/\/api.w.org\/{rel}","templated":true}]}}